{"id":22636,"date":"2022-04-28T15:57:14","date_gmt":"2022-04-28T13:57:14","guid":{"rendered":"http:\/\/www.grandhoteldelaville.com\/le-stanze\/"},"modified":"2022-05-05T13:49:11","modified_gmt":"2022-05-05T11:49:11","slug":"zimmer","status":"publish","type":"page","link":"https:\/\/www.grandhoteldelaville.com\/de\/zimmer\/","title":{"rendered":"Zimmer"},"content":{"rendered":"<p>[vc_row force_equal_height_columns=&#8220;main_row&#8220; align_content_vertically=&#8220;&#8220; mobile_destroy_equal_heights_resolution=&#8220;1023&#8243; dfd_row_config=&#8220;full_width_small_paddings&#8220; dfd_row_responsive_enable=&#8220;dfd-row-responsive-enable&#8220; el_class=&#8220;no_margin&#8220; css=&#8220;.vc_custom_1651477021173{margin-top: -80px !important;}&#8220; mobile_destroy_equal_heights=&#8220;yes&#8220; responsive_styles=&#8220;margin_top_desktop:-30|margin_top_tablet:-30|margin_left_tablet:0|margin_right_tablet:0|padding_right_tablet:0|margin_top_mobile:-30|margin_left_mobile:0|margin_right_mobile:0|padding_right_mobile:0&#8243;][vc_column width=&#8220;1\/2&#8243; css=&#8220;.vc_custom_1651476074474{border-right-width: 1px !important;padding-right: 0px !important;padding-left: 0px !important;border-right-color: #474747 !important;border-right-style: solid !important;}&#8220; col_shadow=&#8220;box_shadow_enable:disable|shadow_horizontal:0|shadow_vertical:15|shadow_blur:50|shadow_spread:0|box_shadow_color:rgba(0%2C0%2C0%2C.35)&#8220; col_shadow_hover=&#8220;box_shadow_enable:disable|shadow_horizontal:0|shadow_vertical:15|shadow_blur:50|shadow_spread:0|box_shadow_color:rgba(0%2C0%2C0%2C.35)&#8220; offset=&#8220;vc_col-lg-6 vc_col-md-6 vc_col-xs-6&#8243;]<div class=\"dfd-spacer-module\"  data-units=\"px\" data-wide_resolution=\"1280\" data-wide_size=\"181\" data-normal_resolution=\"1024\" data-normal_size=\"90\" data-tablet_resolution=\"800\" data-tablet_size=\"80\" data-mobile_resolution=\"480\" data-mobile_size=\"80\" style=\"height: 181px;\"><\/div>[\/vc_column][vc_column width=&#8220;1\/2&#8243; css=&#8220;.vc_custom_1651476087930{border-left-width: 1px !important;padding-right: 0px !important;padding-left: 0px !important;border-left-color: #474747 !important;border-left-style: solid !important;}&#8220; col_shadow=&#8220;box_shadow_enable:disable|shadow_horizontal:0|shadow_vertical:15|shadow_blur:50|shadow_spread:0|box_shadow_color:rgba(0%2C0%2C0%2C.35)&#8220; col_shadow_hover=&#8220;box_shadow_enable:disable|shadow_horizontal:0|shadow_vertical:15|shadow_blur:50|shadow_spread:0|box_shadow_color:rgba(0%2C0%2C0%2C.35)&#8220; offset=&#8220;vc_col-lg-6 vc_col-md-6 vc_col-xs-6&#8243;]<div class=\"dfd-spacer-module\"  data-units=\"px\" data-wide_resolution=\"1280\" data-wide_size=\"181\" data-normal_resolution=\"1024\" data-normal_size=\"90\" data-tablet_resolution=\"800\" data-tablet_size=\"80\" data-mobile_resolution=\"480\" data-mobile_size=\"80\" style=\"height: 181px;\"><\/div>[\/vc_column][\/vc_row][vc_row][vc_column]<div class=\"dfd-spacer-module\"  data-units=\"px\" data-wide_resolution=\"1280\" data-wide_size=\"110\" data-normal_resolution=\"1024\" data-normal_size=\"90\" data-tablet_resolution=\"800\" data-tablet_size=\"60\" data-mobile_resolution=\"480\" data-mobile_size=\"40\" style=\"height: 110px;\"><\/div>[\/vc_column][\/vc_row][vc_row][vc_column dfd_column_responsive_enable=&#8220;dfd-column-responsive-enable&#8220; col_shadow=&#8220;box_shadow_enable:disable|shadow_horizontal:0|shadow_vertical:15|shadow_blur:50|shadow_spread:0|box_shadow_color:rgba(0%2C0%2C0%2C.35)&#8220; col_shadow_hover=&#8220;box_shadow_enable:disable|shadow_horizontal:0|shadow_vertical:15|shadow_blur:50|shadow_spread:0|box_shadow_color:rgba(0%2C0%2C0%2C.35)&#8220; responsive_styles=&#8220;padding_top_desktop:10|padding_bottom_desktop:10|padding_left_desktop:10|padding_right_desktop:10|padding_top_tablet:30|padding_bottom_tablet:30|padding_left_tablet:30|padding_right_tablet:30|padding_top_mobile:20|padding_bottom_mobile:20|padding_left_mobile:20|padding_right_mobile:20&#8243;]<div class=\"dfd-heading-shortcode\"><div class=\"dfd-heading-module-wrap titolo_passi text-center style_01 cr-animate-gen dfd-heading-69f9ed0066c8e dfd-disable-resposive-headings\" id=\"dfd-heading-69f9ed0066c8e\" data-animate-type = \"transition.slideRightBigIn\" ><div class=\"inline-block\"><div class=\"dfd-heading-module\"><h2 class=\"widget-title dfd-title \" style=\"font-family:Playfair Display; font-weight:400; font-style:normal; font-size: 31px; color: #474747 !important; line-height: 38px; letter-spacing: 0px; \">Eine Fantasie f\u00fcr jeden Raum<\/p>\n<p><\/h2><\/div><\/div><\/div><script type=\"text\/javascript\">\r\n\t\t\t\t\t\t\t\t\t(function($) {\r\n\t\t\t\t\t\t\t\t\t\t$(\"head\").append(\"<style>.dfd-heading-69f9ed0066c8e.dfd-heading-module-wrap .dfd-heading-module .dfd-heading-delimiter {margin-top:10px;margin-bottom:10px;}@media (max-width: 1279px) and (min-width: 1024px){.dfd-heading-69f9ed0066c8e .dfd-title{font-size: 31px !important;line-height: 38px !important;}}@media (max-width: 1023px) and (min-width: 800px){.dfd-heading-69f9ed0066c8e .dfd-title{font-size: 31px !important;line-height: 38px !important;}}@media (max-width: 799px){.dfd-heading-69f9ed0066c8e .dfd-title{font-size: 31px !important;line-height: 38px !important;}}@media only screen and (max-width: 1023px) {.dfd-heading-69f9ed0066c8e {text-align: center;}}<\/style>\");\r\n\t\t\t\t\t\t\t\t\t})(jQuery);\r\n\t\t\t\t\t\t\t\t<\/script><\/div><div class=\"dfd-spacer-module\"  data-units=\"px\" data-wide_resolution=\"1280\" data-wide_size=\"20\" data-normal_resolution=\"1024\" data-normal_size=\"20\" data-tablet_resolution=\"800\" data-tablet_size=\"20\" data-mobile_resolution=\"480\" data-mobile_size=\"20\" style=\"height: 20px;\"><\/div><div class=\"dfd-heading-shortcode\"><div class=\"dfd-heading-module-wrap text_red no_br_mobile text-center style_01 dfd-heading-69f9ed0066e95 dfd-disable-resposive-headings\" id=\"dfd-heading-69f9ed0066e95\" ><div class=\"inline-block\"><div class=\"dfd-heading-module\"><div class=\"widget-title dfd-title block-title\" style=\"font-size: 18px; color: #a1a1a1 !important; line-height: 30px; letter-spacing: 0px; \">Das Hotel verf\u00fcgt \u00fcber insgesamt 110 Zimmer, davon 3 Suiten und 4 Juniorsuiten. Ebenso zum Hotel geh\u00f6ren<br \/>\nein Kongresszentrum f\u00fcr bis zu 200 G\u00e4ste, ein Restaurant, eine American Bar, ein Fitnessbereich, ein<br \/>\nInternet- Hotspot und ein Wi-Fi-Internetzugang. Bemerkenswert sind die Gastfreundschaft und die zuvorkommende<br \/>\nBehandlung der G\u00e4ste. Diese zeichnen das Haus ebenso aus wie die schlichte Eleganz der<br \/>\nR\u00e4umlichkeiten, das anspruchsvolle Design des Interieurs und das Engagement f\u00fcr das ungetr\u00fcbte Wohlbefinden der G\u00e4ste, das<br \/>\nnicht zuletzt in der Verwendung antiallergener Materialen bei der Zimmereinrichtung zum Ausdruck kommt.<\/p>\n<p><\/div><\/div><\/div><\/div><script type=\"text\/javascript\">\r\n\t\t\t\t\t\t\t\t\t(function($) {\r\n\t\t\t\t\t\t\t\t\t\t$(\"head\").append(\"<style>.dfd-heading-69f9ed0066e95.dfd-heading-module-wrap .dfd-heading-module .dfd-heading-delimiter {margin-top:10px;margin-bottom:10px;}@media (max-width: 1279px) and (min-width: 1024px){.dfd-heading-69f9ed0066e95 .dfd-title{font-size: 18px !important;line-height: 28px !important;}}@media (max-width: 1023px) and (min-width: 800px){.dfd-heading-69f9ed0066e95 .dfd-title{font-size: 17px !important;line-height: 26px !important;}}@media (max-width: 799px){.dfd-heading-69f9ed0066e95 .dfd-title{font-size: 15px !important;line-height: 25px !important;}}@media only screen and (max-width: 1023px) {.dfd-heading-69f9ed0066e95 {text-align: center;}}<\/style>\");\r\n\t\t\t\t\t\t\t\t\t})(jQuery);\r\n\t\t\t\t\t\t\t\t<\/script><\/div>[\/vc_column][\/vc_row][vc_row][vc_column]<div class=\"dfd-spacer-module\"  data-units=\"px\" data-wide_resolution=\"1280\" data-wide_size=\"80\" data-normal_resolution=\"1024\" data-normal_size=\"80\" data-tablet_resolution=\"800\" data-tablet_size=\"40\" data-mobile_resolution=\"480\" data-mobile_size=\"40\" style=\"height: 80px;\"><\/div>[\/vc_column][\/vc_row][vc_row force_equal_height_columns=&#8220;main_row&#8220; align_content_vertically=&#8220;&#8220; mobile_destroy_equal_heights_resolution=&#8220;1023&#8243; dfd_row_config=&#8220;full_width_small_paddings&#8220; mobile_destroy_equal_heights=&#8220;yes&#8220;][vc_column width=&#8220;1\/2&#8243; css=&#8220;.vc_custom_1651476193972{border-right-width: 1px !important;padding-right: 0px !important;padding-left: 0px !important;border-right-color: #474747 !important;border-right-style: solid !important;}&#8220; col_shadow=&#8220;box_shadow_enable:disable|shadow_horizontal:0|shadow_vertical:15|shadow_blur:50|shadow_spread:0|box_shadow_color:rgba(0%2C0%2C0%2C.35)&#8220; col_shadow_hover=&#8220;box_shadow_enable:disable|shadow_horizontal:0|shadow_vertical:15|shadow_blur:50|shadow_spread:0|box_shadow_color:rgba(0%2C0%2C0%2C.35)&#8220; offset=&#8220;vc_col-lg-6 vc_col-md-6 vc_col-xs-6&#8243;]<div class=\"dfd-spacer-module\"  data-units=\"px\" data-wide_resolution=\"1280\" data-wide_size=\"112\" data-normal_resolution=\"1024\" data-normal_size=\"90\" data-tablet_resolution=\"800\" data-tablet_size=\"80\" data-mobile_resolution=\"480\" data-mobile_size=\"80\" style=\"height: 112px;\"><\/div>[\/vc_column][vc_column width=&#8220;1\/2&#8243; css=&#8220;.vc_custom_1651476179837{border-left-width: 1px !important;padding-right: 0px !important;padding-left: 0px !important;border-left-color: #474747 !important;border-left-style: solid !important;}&#8220; col_shadow=&#8220;box_shadow_enable:disable|shadow_horizontal:0|shadow_vertical:15|shadow_blur:50|shadow_spread:0|box_shadow_color:rgba(0%2C0%2C0%2C.35)&#8220; col_shadow_hover=&#8220;box_shadow_enable:disable|shadow_horizontal:0|shadow_vertical:15|shadow_blur:50|shadow_spread:0|box_shadow_color:rgba(0%2C0%2C0%2C.35)&#8220; offset=&#8220;vc_col-lg-6 vc_col-md-6 vc_col-xs-6&#8243;]<div class=\"dfd-spacer-module\"  data-units=\"px\" data-wide_resolution=\"1280\" data-wide_size=\"112\" data-normal_resolution=\"1024\" data-normal_size=\"90\" data-tablet_resolution=\"800\" data-tablet_size=\"80\" data-mobile_resolution=\"480\" data-mobile_size=\"80\" style=\"height: 112px;\"><\/div>[\/vc_column][\/vc_row][vc_row][vc_column]<div class=\"dfd-spacer-module\"  data-units=\"px\" data-wide_resolution=\"1280\" data-wide_size=\"90\" data-normal_resolution=\"1024\" data-normal_size=\"90\" data-tablet_resolution=\"800\" data-tablet_size=\"80\" data-mobile_resolution=\"480\" data-mobile_size=\"80\" style=\"height: 90px;\"><\/div>[\/vc_column][\/vc_row][vc_row dfd_row_config=&#8220;full_width_small_paddings&#8220; dfd_row_responsive_enable=&#8220;dfd-row-responsive-enable&#8220; el_class=&#8220;no_margin&#8220; css=&#8220;.vc_custom_1651476733014{padding-right: 20px !important;padding-left: 20px !important;}&#8220; responsive_styles=&#8220;padding_bottom_desktop:20|padding_bottom_tablet:30|padding_bottom_mobile:30&#8243;][vc_column el_class=&#8220;elenco_prodotti&#8220; col_shadow=&#8220;box_shadow_enable:disable|shadow_horizontal:0|shadow_vertical:15|shadow_blur:50|shadow_spread:0|box_shadow_color:rgba(0%2C0%2C0%2C.35)&#8220; col_shadow_hover=&#8220;box_shadow_enable:disable|shadow_horizontal:0|shadow_vertical:15|shadow_blur:50|shadow_spread:0|box_shadow_color:rgba(0%2C0%2C0%2C.35)&#8220;][woocomposer_grid shortcode=&#8220;JTVCcHJvZHVjdF9jYXRlZ29yaWVzJTIwJTIwbnVtYmVyJTNEJTIyNiUyMiUyMGNvbHVtbnMlM0QlMjIzJTIyJTIwb3JkZXJieSUzRCUyMmRhdGUlMjIlMjBvcmRlciUzRCUyMmFzYyUyMiUyMGlkcyUzRCUyMjEyNCUyMiU1RA==&#8220; enable_category=&#8220;&#8220; mask_style=&#8220;gradient&#8220; mask_opacity=&#8220;0.6&#8243; sale_custom_fonts=&#8220;font_family:Playfair%20Display%3Aregular%2Citalic%2C700%2C700italic%2C900%2C900italic|font_style:400%20regular%3A400%3Anormal&#8220; products_style=&#8220;style-3&#8243; mask_gradient=&#8220;background: -webkit-gradient(linear, left top, left bottom, color-stop(0%, #000000));background: -moz-linear-gradient(top,#000000 0%);background: -webkit-linear-gradient(top,#000000 0%);background: -o-linear-gradient(top,#000000 0%);background: -ms-linear-gradient(top,#000000 0%);background: linear-gradient(top,#000000 0%);&#8220; sale_font_options=&#8220;color:%23ffffff&#8220; use_sale_google_fonts=&#8220;yes&#8220;][\/vc_column][\/vc_row]<\/p>\n","protected":false},"excerpt":{"rendered":"<p>[vc_row force_equal_height_columns=&#8220;main_row&#8220; align_content_vertically=&#8220;&#8220; mobile_destroy_equal_heights_resolution=&#8220;1023&#8243; dfd_row_config=&#8220;full_width_small_paddings&#8220; dfd_row_responsive_enable=&#8220;dfd-row-responsive-enable&#8220; el_class=&#8220;no_margin&#8220; css=&#8220;.vc_custom_1651477021173{margin-top: -80px !important;}&#8220; mobile_destroy_equal_heights=&#8220;yes&#8220; responsive_styles=&#8220;margin_top_desktop:-30|margin_top_tablet:-30|margin_left_tablet:0|margin_right_tablet:0|padding_right_tablet:0|margin_top_mobile:-30|margin_left_mobile:0|margin_right_mobile:0|padding_right_mobile:0&#8243;][vc_column width=&#8220;1\/2&#8243; css=&#8220;.vc_custom_1651476074474{border-right-width: 1px !important;padding-right: 0px !important;padding-left: 0px !important;border-right-color: #474747 !important;border-right-style: solid !important;}&#8220; col_shadow=&#8220;box_shadow_enable:disable|shadow_horizontal:0|shadow_vertical:15|shadow_blur:50|shadow_spread:0|box_shadow_color:rgba(0%2C0%2C0%2C.35)&#8220; col_shadow_hover=&#8220;box_shadow_enable:disable|shadow_horizontal:0|shadow_vertical:15|shadow_blur:50|shadow_spread:0|box_shadow_color:rgba(0%2C0%2C0%2C.35)&#8220; offset=&#8220;vc_col-lg-6 vc_col-md-6 vc_col-xs-6&#8243;][\/vc_column][vc_column width=&#8220;1\/2&#8243;<\/p>\n","protected":false},"author":4,"featured_media":0,"parent":0,"menu_order":0,"comment_status":"closed","ping_status":"closed","template":"page-custom-with-header.php","meta":{"inline_featured_image":false,"footnotes":""},"class_list":["post-22636","page","type-page","status-publish","hentry"],"yoast_head":"<!-- This site is optimized with the Yoast SEO plugin v19.2 - https:\/\/yoast.com\/wordpress\/plugins\/seo\/ -->\n<title>Zimmer - Hotel de la Ville<\/title>\n<meta name=\"robots\" content=\"index, follow, max-snippet:-1, max-image-preview:large, max-video-preview:-1\" \/>\n<link rel=\"canonical\" href=\"https:\/\/www.grandhoteldelaville.com\/de\/zimmer\/\" \/>\n<meta property=\"og:locale\" content=\"de_DE\" \/>\n<meta property=\"og:type\" content=\"article\" \/>\n<meta property=\"og:title\" content=\"Zimmer - Hotel de la Ville\" \/>\n<meta property=\"og:description\" content=\"[vc_row force_equal_height_columns=&#8220;main_row&#8220; align_content_vertically=&#8220;&#8220; mobile_destroy_equal_heights_resolution=&#8220;1023&#8243; dfd_row_config=&#8220;full_width_small_paddings&#8220; dfd_row_responsive_enable=&#8220;dfd-row-responsive-enable&#8220; el_class=&#8220;no_margin&#8220; css=&#8220;.vc_custom_1651477021173{margin-top: -80px !important;}&#8220; mobile_destroy_equal_heights=&#8220;yes&#8220; responsive_styles=&#8220;margin_top_desktop:-30|margin_top_tablet:-30|margin_left_tablet:0|margin_right_tablet:0|padding_right_tablet:0|margin_top_mobile:-30|margin_left_mobile:0|margin_right_mobile:0|padding_right_mobile:0&#8243;][vc_column width=&#8220;1\/2&#8243; css=&#8220;.vc_custom_1651476074474{border-right-width: 1px !important;padding-right: 0px !important;padding-left: 0px !important;border-right-color: #474747 !important;border-right-style: solid !important;}&#8220; col_shadow=&#8220;box_shadow_enable:disable|shadow_horizontal:0|shadow_vertical:15|shadow_blur:50|shadow_spread:0|box_shadow_color:rgba(0%2C0%2C0%2C.35)&#8220; col_shadow_hover=&#8220;box_shadow_enable:disable|shadow_horizontal:0|shadow_vertical:15|shadow_blur:50|shadow_spread:0|box_shadow_color:rgba(0%2C0%2C0%2C.35)&#8220; offset=&#8220;vc_col-lg-6 vc_col-md-6 vc_col-xs-6&#8243;][\/vc_column][vc_column width=&#8220;1\/2&#8243;\" \/>\n<meta property=\"og:url\" content=\"https:\/\/www.grandhoteldelaville.com\/de\/zimmer\/\" \/>\n<meta property=\"og:site_name\" content=\"Hotel de la Ville\" \/>\n<meta property=\"article:modified_time\" content=\"2022-05-05T11:49:11+00:00\" \/>\n<meta name=\"author\" content=\"matehub\" \/>\n<meta name=\"twitter:card\" content=\"summary_large_image\" \/>\n<meta name=\"twitter:label1\" content=\"Gesch\u00e4tzte Lesezeit\" \/>\n\t<meta name=\"twitter:data1\" content=\"6\u00a0Minuten\" \/>\n<script type=\"application\/ld+json\" class=\"yoast-schema-graph\">{\"@context\":\"https:\/\/schema.org\",\"@graph\":[{\"@type\":\"Organization\",\"@id\":\"https:\/\/www.grandhoteldelaville.com\/#organization\",\"name\":\"Grand Hotel Del la Ville\",\"url\":\"https:\/\/www.grandhoteldelaville.com\/\",\"sameAs\":[],\"logo\":{\"@type\":\"ImageObject\",\"inLanguage\":\"de\",\"@id\":\"https:\/\/www.grandhoteldelaville.com\/#\/schema\/logo\/image\/\",\"url\":\"https:\/\/www.grandhoteldelaville.com\/wp-content\/uploads\/2022\/04\/logo_dark.png\",\"contentUrl\":\"https:\/\/www.grandhoteldelaville.com\/wp-content\/uploads\/2022\/04\/logo_dark.png\",\"width\":194,\"height\":78,\"caption\":\"Grand Hotel Del la Ville\"},\"image\":{\"@id\":\"https:\/\/www.grandhoteldelaville.com\/#\/schema\/logo\/image\/\"}},{\"@type\":\"WebSite\",\"@id\":\"https:\/\/www.grandhoteldelaville.com\/#website\",\"url\":\"https:\/\/www.grandhoteldelaville.com\/\",\"name\":\"Hotel de la Ville\",\"description\":\"\",\"publisher\":{\"@id\":\"https:\/\/www.grandhoteldelaville.com\/#organization\"},\"potentialAction\":[{\"@type\":\"SearchAction\",\"target\":{\"@type\":\"EntryPoint\",\"urlTemplate\":\"https:\/\/www.grandhoteldelaville.com\/?s={search_term_string}\"},\"query-input\":\"required name=search_term_string\"}],\"inLanguage\":\"de\"},{\"@type\":\"WebPage\",\"@id\":\"https:\/\/www.grandhoteldelaville.com\/de\/zimmer\/#webpage\",\"url\":\"https:\/\/www.grandhoteldelaville.com\/de\/zimmer\/\",\"name\":\"Zimmer - Hotel de la Ville\",\"isPartOf\":{\"@id\":\"https:\/\/www.grandhoteldelaville.com\/#website\"},\"datePublished\":\"2022-04-28T13:57:14+00:00\",\"dateModified\":\"2022-05-05T11:49:11+00:00\",\"breadcrumb\":{\"@id\":\"https:\/\/www.grandhoteldelaville.com\/de\/zimmer\/#breadcrumb\"},\"inLanguage\":\"de\",\"potentialAction\":[{\"@type\":\"ReadAction\",\"target\":[\"https:\/\/www.grandhoteldelaville.com\/de\/zimmer\/\"]}]},{\"@type\":\"BreadcrumbList\",\"@id\":\"https:\/\/www.grandhoteldelaville.com\/de\/zimmer\/#breadcrumb\",\"itemListElement\":[{\"@type\":\"ListItem\",\"position\":1,\"name\":\"Home\",\"item\":\"https:\/\/www.grandhoteldelaville.com\/de\/\"},{\"@type\":\"ListItem\",\"position\":2,\"name\":\"Zimmer\"}]}]}<\/script>\n<!-- \/ Yoast SEO plugin. -->","yoast_head_json":{"title":"Zimmer - Hotel de la Ville","robots":{"index":"index","follow":"follow","max-snippet":"max-snippet:-1","max-image-preview":"max-image-preview:large","max-video-preview":"max-video-preview:-1"},"canonical":"https:\/\/www.grandhoteldelaville.com\/de\/zimmer\/","og_locale":"de_DE","og_type":"article","og_title":"Zimmer - Hotel de la Ville","og_description":"[vc_row force_equal_height_columns=&#8220;main_row&#8220; align_content_vertically=&#8220;&#8220; mobile_destroy_equal_heights_resolution=&#8220;1023&#8243; dfd_row_config=&#8220;full_width_small_paddings&#8220; dfd_row_responsive_enable=&#8220;dfd-row-responsive-enable&#8220; el_class=&#8220;no_margin&#8220; css=&#8220;.vc_custom_1651477021173{margin-top: -80px !important;}&#8220; mobile_destroy_equal_heights=&#8220;yes&#8220; responsive_styles=&#8220;margin_top_desktop:-30|margin_top_tablet:-30|margin_left_tablet:0|margin_right_tablet:0|padding_right_tablet:0|margin_top_mobile:-30|margin_left_mobile:0|margin_right_mobile:0|padding_right_mobile:0&#8243;][vc_column width=&#8220;1\/2&#8243; css=&#8220;.vc_custom_1651476074474{border-right-width: 1px !important;padding-right: 0px !important;padding-left: 0px !important;border-right-color: #474747 !important;border-right-style: solid !important;}&#8220; col_shadow=&#8220;box_shadow_enable:disable|shadow_horizontal:0|shadow_vertical:15|shadow_blur:50|shadow_spread:0|box_shadow_color:rgba(0%2C0%2C0%2C.35)&#8220; col_shadow_hover=&#8220;box_shadow_enable:disable|shadow_horizontal:0|shadow_vertical:15|shadow_blur:50|shadow_spread:0|box_shadow_color:rgba(0%2C0%2C0%2C.35)&#8220; offset=&#8220;vc_col-lg-6 vc_col-md-6 vc_col-xs-6&#8243;][\/vc_column][vc_column width=&#8220;1\/2&#8243;","og_url":"https:\/\/www.grandhoteldelaville.com\/de\/zimmer\/","og_site_name":"Hotel de la Ville","article_modified_time":"2022-05-05T11:49:11+00:00","author":"matehub","twitter_card":"summary_large_image","twitter_misc":{"Gesch\u00e4tzte Lesezeit":"6\u00a0Minuten"},"schema":{"@context":"https:\/\/schema.org","@graph":[{"@type":"Organization","@id":"https:\/\/www.grandhoteldelaville.com\/#organization","name":"Grand Hotel Del la Ville","url":"https:\/\/www.grandhoteldelaville.com\/","sameAs":[],"logo":{"@type":"ImageObject","inLanguage":"de","@id":"https:\/\/www.grandhoteldelaville.com\/#\/schema\/logo\/image\/","url":"https:\/\/www.grandhoteldelaville.com\/wp-content\/uploads\/2022\/04\/logo_dark.png","contentUrl":"https:\/\/www.grandhoteldelaville.com\/wp-content\/uploads\/2022\/04\/logo_dark.png","width":194,"height":78,"caption":"Grand Hotel Del la Ville"},"image":{"@id":"https:\/\/www.grandhoteldelaville.com\/#\/schema\/logo\/image\/"}},{"@type":"WebSite","@id":"https:\/\/www.grandhoteldelaville.com\/#website","url":"https:\/\/www.grandhoteldelaville.com\/","name":"Hotel de la Ville","description":"","publisher":{"@id":"https:\/\/www.grandhoteldelaville.com\/#organization"},"potentialAction":[{"@type":"SearchAction","target":{"@type":"EntryPoint","urlTemplate":"https:\/\/www.grandhoteldelaville.com\/?s={search_term_string}"},"query-input":"required name=search_term_string"}],"inLanguage":"de"},{"@type":"WebPage","@id":"https:\/\/www.grandhoteldelaville.com\/de\/zimmer\/#webpage","url":"https:\/\/www.grandhoteldelaville.com\/de\/zimmer\/","name":"Zimmer - Hotel de la Ville","isPartOf":{"@id":"https:\/\/www.grandhoteldelaville.com\/#website"},"datePublished":"2022-04-28T13:57:14+00:00","dateModified":"2022-05-05T11:49:11+00:00","breadcrumb":{"@id":"https:\/\/www.grandhoteldelaville.com\/de\/zimmer\/#breadcrumb"},"inLanguage":"de","potentialAction":[{"@type":"ReadAction","target":["https:\/\/www.grandhoteldelaville.com\/de\/zimmer\/"]}]},{"@type":"BreadcrumbList","@id":"https:\/\/www.grandhoteldelaville.com\/de\/zimmer\/#breadcrumb","itemListElement":[{"@type":"ListItem","position":1,"name":"Home","item":"https:\/\/www.grandhoteldelaville.com\/de\/"},{"@type":"ListItem","position":2,"name":"Zimmer"}]}]}},"_links":{"self":[{"href":"https:\/\/www.grandhoteldelaville.com\/de\/wp-json\/wp\/v2\/pages\/22636","targetHints":{"allow":["GET"]}}],"collection":[{"href":"https:\/\/www.grandhoteldelaville.com\/de\/wp-json\/wp\/v2\/pages"}],"about":[{"href":"https:\/\/www.grandhoteldelaville.com\/de\/wp-json\/wp\/v2\/types\/page"}],"author":[{"embeddable":true,"href":"https:\/\/www.grandhoteldelaville.com\/de\/wp-json\/wp\/v2\/users\/4"}],"replies":[{"embeddable":true,"href":"https:\/\/www.grandhoteldelaville.com\/de\/wp-json\/wp\/v2\/comments?post=22636"}],"version-history":[{"count":2,"href":"https:\/\/www.grandhoteldelaville.com\/de\/wp-json\/wp\/v2\/pages\/22636\/revisions"}],"predecessor-version":[{"id":22651,"href":"https:\/\/www.grandhoteldelaville.com\/de\/wp-json\/wp\/v2\/pages\/22636\/revisions\/22651"}],"wp:attachment":[{"href":"https:\/\/www.grandhoteldelaville.com\/de\/wp-json\/wp\/v2\/media?parent=22636"}],"curies":[{"name":"wp","href":"https:\/\/api.w.org\/{rel}","templated":true}]}}